{"id":746,"date":"2018-08-29T15:17:28","date_gmt":"2018-08-29T13:17:28","guid":{"rendered":"https:\/\/www.fisionarte.com\/privacy-policy\/"},"modified":"2022-04-06T10:48:28","modified_gmt":"2022-04-06T08:48:28","slug":"privacy-policy","status":"publish","type":"page","link":"https:\/\/www.fisionarte.com\/en\/privacy-policy\/","title":{"rendered":"Privacy Policy"},"content":{"rendered":"<p>Informativa Privacy agli Utenti<\/p>\n<p>Fisionarte S.r.l.\u00a0con sede legale in Via della Liberazione n. 32, 31100 \u2013 TREVISO, Codice Fiscale\/Partita IVA n. 04923990263 (di seguito, \u201cTitolare\u201d), proprietario del sito internet\u00a0 www.fisionarte.com\u00a0(di seguito, il \u201cSito\u201d), in qualit\u00e0 di\u00a0titolare del trattamento dei dati personali\u00a0degli utenti che navigano il Sito (di seguito, gli \u201cUtenti\u201d) fornisce qui di seguito l\u2019informativa privacy ai sensi dell\u2019art. 13 del Regolamento UE 2016\/679 del 27 aprile 2016 (di seguito, \u201cRegolamento\u201d, o la \u201cNormativa Applicabile\u201d).<\/p>\n<p>Il Titolare tiene nella massima considerazione il diritto alla privacy ed alla protezione dei dati personali dei propri Utenti, perci\u00f2 per ogni informazione in relazione alla presente informativa privacy, gli Utenti possono\u00a0contattare il Titolare\u00a0in qualsiasi momento, utilizzando le seguenti modalit\u00e0:<\/p>\n<p>Inviando una raccomandata a\/r alla sede legale del Titolare (Via della Liberazione n. 32, 31100 \u2013 TREVISO)<\/p>\n<p>Inviando un messaggio di posta elettronica all\u2019indirizzo\u00a0info@fisionarte.com;<\/p>\n<p>Il Titolare, non essendo soggetto all\u2019obbligo di designazione previsto dall\u2019art. 37 del Regolamento, non ha individuato la figura del Responsabile della protezione dei dati (RPD o DPO).<\/p>\n<p>Finalit\u00e0 del trattamento<\/p>\n<p>I dati personali degli Utenti saranno trattati lecitamente dal Titolare ai sensi dell\u2019art. 6 del Regolamento per le seguenti finalit\u00e0 di trattamento:<\/p>\n<p>fornitura del servizio, ovvero per consentire la navigazione del Sito da parte dell\u2019Utente. I dati dell\u2019Utente raccolti dal Titolare a tal fine includono tutti i dati personali la cui trasmissione \u00e8 implicita nell&#8217;uso dei protocolli di comunicazione di Internet, che i sistemi informatici e le procedure software preposte al funzionamento del Sito acquisiscono nel corso del loro normale esercizio: gli indirizzi IP o i nomi a dominio dei computer utilizzati dagli Utenti, gli indirizzi in notazione URI (Uniform Resource Identifier) delle risorse richieste, l&#8217;orario della richiesta, il metodo utilizzato nel sottoporre la richiesta al server, la dimensione del file ottenuto in risposta, il codice numerico indicante lo stato della risposta data dal server (buon fine, errore, ecc.) ed altri parametri relativi al sistema operativo e all&#8217;ambiente informatico dell&#8217;Utente. Questi dati vengono utilizzati al solo fine di ricavare informazioni statistiche anonime sull&#8217;uso del sito e per permetterne il corretto funzionamento. Fermo restando quanto previsto altrove in questa informativa privacy, in nessun caso il Titolare render\u00e0 accessibili agli altri Utenti e\/o a terzi i dati personali degli Utenti.<\/p>\n<p>finalit\u00e0 amministrativo-contabili, ovvero per svolgere attivit\u00e0 di natura organizzativa, amministrativa, finanziaria e contabile, quali attivit\u00e0 organizzative interne ed attivit\u00e0 funzionali all&#8217;adempimento di obblighi contrattuali e precontrattuali;<\/p>\n<p>obblighi di legge, ovvero per adempiere ad obblighi previsti dalla legge, da un\u2019autorit\u00e0, da un regolamento o dalla normativa e per l&#8217;accertamento di responsabilit\u00e0 in caso di ipotetici reati informatici ai danni del Sito.<\/p>\n<p>Modalit\u00e0 di trattamento e tempi di conservazione dei dati<\/p>\n<p>Il Titolare tratter\u00e0 i dati personali degli Utenti mediante strumenti informatici, con logiche strettamente correlate alle finalit\u00e0 stesse e, comunque, in modo da garantire la sicurezza e la riservatezza dei dati stessi.<\/p>\n<p>I dati personali degli Utenti del Sito saranno conservati per i tempi strettamente necessari ad espletare le finalit\u00e0 primarie illustrate al precedente paragrafo 1, o comunque secondo quanto necessario per la tutela in sede civilistica degli interessi sia degli Utenti che del Titolare.<\/p>\n<p>Ambito di comunicazione e diffusione dei dati<\/p>\n<p>Potranno venire a conoscenza dei dati personali degli Utenti i dipendenti e\/o collaboratori del Titolare incaricati di gestire il Sito. Tali soggetti, che sono istruiti dal Titolare ai sensi dell\u2019art.29 del Regolamento, tratteranno i dati dell\u2019Utente esclusivamente per le finalit\u00e0 indicate nella presente informativa e nel rispetto delle previsioni della Normativa Applicabile.<\/p>\n<p>Potranno inoltre venire a conoscenza dei dati personali degli Utenti i soggetti terzi che potranno trattare dati personali per conto del Titolare in qualit\u00e0 di \u201cResponsabili Esterni del Trattamento\u201d, quali, a titolo esemplificativo, fornitori di servizi informatici e logistici funzionali all\u2019operativit\u00e0 del Sito, fornitori di servizi in\u00a0outsourcing\u00a0o\u00a0cloud computing, professionisti e consulenti.<\/p>\n<p>Gli Utenti hanno il diritto di ottenere una lista degli eventuali responsabili del trattamento nominati dal Titolare, facendone richiesta al Titolare con le modalit\u00e0 indicate al successivo paragrafo 4.<\/p>\n<p>Diritti degli Interessati<\/p>\n<p>Gli Utenti potranno esercitare i diritti garantiti loro dalla Normativa Applicabile, contattando il Titolare con le seguenti modalit\u00e0:<\/p>\n<p>Inviando una raccomandata a\/r alla sede legale del Titolare (Via della Liberazione 32, 31100 TREVISO)<\/p>\n<p>Inviando un messaggio di posta elettronica all\u2019indirizzo\u00a0info@fisionarte.com<\/p>\n<p>Ai sensi della Normativa Applicabile, il Titolare informa che gli Utenti hanno il diritto di ottenere l&#8217;indicazione dell&#8217;origine dei dati personali; delle finalit\u00e0 e modalit\u00e0 del trattamento; della logica applicata in caso di trattamento effettuato con l&#8217;ausilio di strumenti elettronici; degli estremi identificativi del titolare e dei responsabili; dei soggetti o delle categorie di soggetti ai quali i dati personali possono essere comunicati o che possono venirne a conoscenza in qualit\u00e0 di responsabili o incaricati.<\/p>\n<p>Inoltre, gli Utenti hanno il diritto di ottenere:<\/p>\n<p>l\u2019accesso, l&#8217;aggiornamento, la\u00a0rettificazione\u00a0ovvero, quando vi hanno interesse, l&#8217;integrazione\u00a0dei dati<\/p>\n<p>la\u00a0cancellazione, la\u00a0trasformazione in forma anonima\u00a0o il\u00a0blocco\u00a0dei dati trattati in violazione di legge, compresi quelli di cui non \u00e8 necessaria la conservazione in relazione agli scopi per i quali i dati sono stati raccolti o successivamente trattati;<\/p>\n<p>l&#8217;attestazione che le operazioni di cui alle lettere a) e b) sono state portate a conoscenza, anche per quanto riguarda il loro contenuto, di coloro ai quali i dati sono stati comunicati o diffusi, eccettuato il caso in cui tale adempimento si rivela impossibile o comporta un impiego di mezzi manifestamente sproporzionato rispetto al diritto tutelato.<\/p>\n<p>Inoltre, gli Utenti hanno:<\/p>\n<p>(ove applicabile) il diritto di revocare il consenso in qualsiasi momento, qualora il trattamento si basi sul loro consenso;<\/p>\n<p>(ove applicabile) il diritto alla\u00a0portabilit\u00e0 dei dati\u00a0(diritto di ricevere tutti i dati personali che li riguardano in un formato strutturato, di uso comune e leggibile da dispositivo automatico), il diritto alla\u00a0limitazione del trattamento\u00a0dei dati personali e il\u00a0diritto alla cancellazione\u00a0(\u201cdiritto all\u2019oblio\u201d);<\/p>\n<p>il\u00a0diritto di opporsi: in tutto o in parte, per motivi legittimi al trattamento dei dati personali che li riguardano, ancorch\u00e9 pertinenti allo scopo della raccolta;<\/p>\n<p>qualora ritenessero che il trattamento che li riguarda violi il Regolamento, il diritto di\u00a0proporre reclamo a un\u2019Autorit\u00e0 di controllo\u00a0(nello Stato membro in cui risiedono abitualmente, in quello in cui lavorano oppure in quello in cui si \u00e8 verificata la presunta violazione). L\u2019Autorit\u00e0 di controllo italiana \u00e8 il\u00a0Garante per la protezione dei dati personali, con sede in Piazza di Montecitorio n. 121, 00186 \u2013 Roma (www.garanteprivacy.it).<\/p>\n<p>Il Titolare non \u00e8 responsabile per l\u2019aggiornamento di tutti i link visualizzabili nella presente Informativa, pertanto ogni qualvolta un link non sia funzionante e\/o aggiornato, gli Utenti riconoscono ed accettano che dovranno sempre far riferimento al documento e\/o sezione dei siti internet richiamati da tale link.<\/p>\n<h3>Cookie<\/h3>\n<p><script id=\"CookieDeclaration\" src=\"https:\/\/consent.cookiebot.com\/7c8d840f-d191-4cba-83ff-f33c6c775831\/cd.js\" type=\"text\/javascript\" async><\/script><\/p>\n","protected":false},"excerpt":{"rendered":"<p>Informativa Privacy agli Utenti Fisionarte S.r.l.\u00a0con sede legale in Via della Liberazione n. 32, 31100 \u2013 TREVISO, Codice Fiscale\/Partita IVA n. 04923990263 (di seguito, \u201cTitolare\u201d), proprietario del sito internet\u00a0 www.fisionarte.com\u00a0(di seguito, il \u201cSito\u201d), in qualit\u00e0 di\u00a0titolare del trattamento dei dati personali\u00a0degli utenti che navigano il Sito (di seguito, gli \u201cUtenti\u201d) fornisce qui di seguito l\u2019informativa [&hellip;]<\/p>\n","protected":false},"author":1,"featured_media":0,"parent":0,"menu_order":0,"comment_status":"closed","ping_status":"closed","template":"","meta":{"_et_pb_use_builder":"","_et_pb_old_content":"","_et_gb_content_width":"","footnotes":""},"class_list":["post-746","page","type-page","status-publish","hentry"],"_links":{"self":[{"href":"https:\/\/www.fisionarte.com\/en\/wp-json\/wp\/v2\/pages\/746","targetHints":{"allow":["GET"]}}],"collection":[{"href":"https:\/\/www.fisionarte.com\/en\/wp-json\/wp\/v2\/pages"}],"about":[{"href":"https:\/\/www.fisionarte.com\/en\/wp-json\/wp\/v2\/types\/page"}],"author":[{"embeddable":true,"href":"https:\/\/www.fisionarte.com\/en\/wp-json\/wp\/v2\/users\/1"}],"replies":[{"embeddable":true,"href":"https:\/\/www.fisionarte.com\/en\/wp-json\/wp\/v2\/comments?post=746"}],"version-history":[{"count":3,"href":"https:\/\/www.fisionarte.com\/en\/wp-json\/wp\/v2\/pages\/746\/revisions"}],"predecessor-version":[{"id":17242,"href":"https:\/\/www.fisionarte.com\/en\/wp-json\/wp\/v2\/pages\/746\/revisions\/17242"}],"wp:attachment":[{"href":"https:\/\/www.fisionarte.com\/en\/wp-json\/wp\/v2\/media?parent=746"}],"curies":[{"name":"wp","href":"https:\/\/api.w.org\/{rel}","templated":true}]}}